{"id":1052,"date":"2022-03-31T06:13:25","date_gmt":"2022-03-31T06:13:25","guid":{"rendered":"https:\/\/wpriverthemes.com\/aveit\/?page_id=1052"},"modified":"2026-04-06T02:56:52","modified_gmt":"2026-04-06T02:56:52","slug":"about-us","status":"publish","type":"page","link":"https:\/\/gcis.com.vn\/vi\/about-us\/","title":{"rendered":"About Us"},"content":{"rendered":"<div data-elementor-type=\"wp-page\" data-elementor-id=\"1052\" class=\"elementor elementor-1052\">\n\t\t\t\t\t\t<section class=\"elementor-section elementor-top-section elementor-element elementor-element-8de0fb4 elementor-section-full_width elementor-section-height-default elementor-section-height-default\" data-id=\"8de0fb4\" data-element_type=\"section\">\n\t\t\t\t\t\t<div class=\"elementor-container elementor-column-gap-no\">\n\t\t\t\t\t<div class=\"elementor-column elementor-col-100 elementor-top-column elementor-element elementor-element-0d9b246\" data-id=\"0d9b246\" data-element_type=\"column\">\n\t\t\t<div class=\"elementor-widget-wrap\">\n\t\t\t\t\t\t\t<\/div>\n\t\t<\/div>\n\t\t\t\t\t<\/div>\n\t\t<\/section>\n\t\t\t\t<section class=\"elementor-section elementor-top-section elementor-element elementor-element-fb5ec6e elementor-section-full_width elementor-section-height-default elementor-section-height-default\" data-id=\"fb5ec6e\" data-element_type=\"section\">\n\t\t\t\t\t\t<div class=\"elementor-container elementor-column-gap-default\">\n\t\t\t\t\t<div class=\"elementor-column elementor-col-100 elementor-top-column elementor-element elementor-element-a1f9737\" data-id=\"a1f9737\" data-element_type=\"column\">\n\t\t\t<div class=\"elementor-widget-wrap\">\n\t\t\t\t\t\t\t<\/div>\n\t\t<\/div>\n\t\t\t\t\t<\/div>\n\t\t<\/section>\n\t\t\t\t<section class=\"elementor-section elementor-top-section elementor-element elementor-element-b0ef22e elementor-section-full_width elementor-section-height-default elementor-section-height-default\" data-id=\"b0ef22e\" data-element_type=\"section\">\n\t\t\t\t\t\t<div class=\"elementor-container elementor-column-gap-default\">\n\t\t\t\t\t<div class=\"elementor-column elementor-col-100 elementor-top-column elementor-element elementor-element-84b97e5\" data-id=\"84b97e5\" data-element_type=\"column\">\n\t\t\t<div class=\"elementor-widget-wrap elementor-element-populated\">\n\t\t\t\t\t\t<div class=\"elementor-element elementor-element-763aae3 elementor-widget elementor-widget-sth6about\" data-id=\"763aae3\" data-element_type=\"widget\" data-widget_type=\"sth6about.default\">\n\t\t\t\t<div class=\"elementor-widget-container\">\n\t\t\t\t\t\n         <!-- Start About Us Area\n    ============================================= -->\n    <div class=\"about-us-content default-padding\">\n        <div class=\"container\">\n            <div class=\"row align-center\">\n                <div class=\"col-lg-6 thumb\">\n                    <img decoding=\"async\" src=\"https:\/\/gcis.com.vn\/wp-content\/uploads\/2022\/03\/8.png\" alt=\"illustration\">\n                <\/div>\n                <div class=\"col-lg-6 info\">\n                    <h2>What Makes GCIS Different\/\u0110i\u1ec1u G\u00ec L\u00e0m GCIS Kh\u00e1c Bi\u1ec7t<\/h2>\n                    <p>\n                        GCIS is built on a simple principle: Continuous Improvement only delivers results when it is implemented by capable people in real operations.\nThis belief shapes how we work with our clients and how we design every engagement.\nGCIS \u0111\u01b0\u1ee3c x\u00e2y d\u1ef1ng d\u1ef1a tr\u00ean m\u1ed9t nguy\u00ean t\u1eafc \u0111\u01a1n gi\u1ea3n: C\u1ea3i ti\u1ebfn Li\u00ean t\u1ee5c ch\u1ec9 mang l\u1ea1i k\u1ebft qu\u1ea3 khi \u0111\u01b0\u1ee3c tri\u1ec3n khai b\u1edfi nh\u1eefng con ng\u01b0\u1eddi c\u00f3 n\u0103ng l\u1ef1c trong m\u00f4i tr\u01b0\u1eddng v\u1eadn h\u00e0nh th\u1ef1c t\u1ebf.\nNi\u1ec1m tin n\u00e0y \u0111\u1ecbnh h\u00ecnh c\u00e1ch ch\u00fang t\u00f4i l\u00e0m vi\u1ec7c v\u1edbi kh\u00e1ch h\u00e0ng c\u0169ng nh\u01b0 c\u00e1ch ch\u00fang t\u00f4i thi\u1ebft k\u1ebf m\u1ecdi ch\u01b0\u01a1ng tr\u00ecnh h\u1ee3p t\u00e1c.                    <\/p>\n                    <ul>\n                                            <li><i class=\"fal fa-tasks\"><\/i> Implementation-Focused\/Tri\u1ec3n Khai - T\u1eadp Trung<\/li>                        <li><i class=\"fal fa-sliders-h\"><\/i> Customized, Not Generic\/\u0110\u01b0\u1ee3c Thi\u1ebft K\u1ebf Ri\u00eang, Kh\u00f4ng R\u1eadp Khu\u00f4n<\/li>                        <li><i class=\"fal fa-project-diagram\"><\/i> Systematic Value Creation\/T\u1ea1o Ra Gi\u00e1 Tr\u1ecb M\u1ed9t C\u00e1ch C\u00f3 H\u1ec7 Th\u1ed1ng<\/li>                        <li><i class=\"fal fa-bullseye\"><\/i> Result-Oriented Mindset\/T\u01b0 Duy H\u01b0\u1edbng \u0110\u1ebfn K\u1ebft Qu\u1ea3<\/li>                    <\/ul>\n                <\/div>\n            <\/div>\n        <\/div>\n    <\/div>\n    <!-- End About Us -->\n\n    \t\t\t\t<\/div>\n\t\t\t\t<\/div>\n\t\t\t\t\t<\/div>\n\t\t<\/div>\n\t\t\t\t\t<\/div>\n\t\t<\/section>\n\t\t\t\t<section class=\"elementor-section elementor-top-section elementor-element elementor-element-e1c726e elementor-section-full_width elementor-section-height-default elementor-section-height-default\" data-id=\"e1c726e\" data-element_type=\"section\">\n\t\t\t\t\t\t<div class=\"elementor-container elementor-column-gap-default\">\n\t\t\t\t\t<div class=\"elementor-column elementor-col-100 elementor-top-column elementor-element elementor-element-358ef9e\" data-id=\"358ef9e\" data-element_type=\"column\">\n\t\t\t<div class=\"elementor-widget-wrap elementor-element-populated\">\n\t\t\t\t\t\t<div class=\"elementor-element elementor-element-1ac52d9 elementor-widget elementor-widget-sth6contact\" data-id=\"1ac52d9\" data-element_type=\"widget\" data-widget_type=\"sth6contact.default\">\n\t\t\t\t<div class=\"elementor-widget-container\">\n\t\t\t\t\t\n         <!-- Star Contact Area\n    ============================================= -->\n    <div class=\"contact-area default-padding\">\n        <!-- Fixed BG -->\n        <div class=\"fixed-bg left\">\n            <img decoding=\"async\" src=\"https:\/\/gcis.com.vn\/wp-content\/uploads\/2022\/03\/Rectangle-1.png\" alt=\"Shape\">\n        <\/div>\n        <!-- Fixed BG -->\n    \n        <div class=\"container\">\n            <div class=\"contact-items\">\n                <div class=\"row\">\n                    \n                \n                    <div class=\"col-lg-7 contact-box\">\n                        <div class=\"form-items\">\n                            <h5><\/h5>\n                            <h2>Ready to Turn Continuous Improvement into Real Results?\nS\u1eb5n s\u00e0ng bi\u1ebfn C\u1ea3i ti\u1ebfn Li\u00ean t\u1ee5c th\u00e0nh k\u1ebft qu\u1ea3 th\u1ef1c t\u1ebf?<\/h2>\n                            \n                                \n<div class=\"wpcf7 no-js\" id=\"wpcf7-f6-o1\" lang=\"en-US\" dir=\"ltr\" data-wpcf7-id=\"6\">\n<div class=\"screen-reader-response\"><p role=\"status\" aria-live=\"polite\" aria-atomic=\"true\"><\/p> <ul><\/ul><\/div>\n<form action=\"\/vi\/wp-json\/wp\/v2\/pages\/1052#wpcf7-f6-o1\" method=\"post\" class=\"wpcf7-form init\" aria-label=\"Contact form\" novalidate=\"novalidate\" data-status=\"init\" data-trp-original-action=\"\/vi\/wp-json\/wp\/v2\/pages\/1052#wpcf7-f6-o1\">\n<fieldset class=\"hidden-fields-container\"><input type=\"hidden\" name=\"_wpcf7\" value=\"6\" \/><input type=\"hidden\" name=\"_wpcf7_version\" value=\"6.1.4\" \/><input type=\"hidden\" name=\"_wpcf7_locale\" value=\"en_US\" \/><input type=\"hidden\" name=\"_wpcf7_unit_tag\" value=\"wpcf7-f6-o1\" \/><input type=\"hidden\" name=\"_wpcf7_container_post\" value=\"0\" \/><input type=\"hidden\" name=\"_wpcf7_posted_data_hash\" value=\"\" \/>\n<\/fieldset>\n<div class=\"row\">\n\t<div class=\"col-lg-12\">\n\t\t<div class=\"form-group\">\n\t\t\t<p><span class=\"wpcf7-form-control-wrap\" data-name=\"your-name\"><input size=\"40\" maxlength=\"400\" class=\"wpcf7-form-control wpcf7-text wpcf7-validates-as-required form-control\" id=\"name\" aria-required=\"true\" aria-invalid=\"false\" placeholder=\"Name\" value=\"\" type=\"text\" name=\"your-name\" \/><\/span><br \/>\n<span class=\"alert-error\"><\/span>\n\t\t\t<\/p>\n\t\t<\/div>\n\t<\/div>\n<\/div>\n<div class=\"row\">\n\t<div class=\"col-lg-6\">\n\t\t<div class=\"form-group\">\n\t\t\t<p><span class=\"wpcf7-form-control-wrap\" data-name=\"email\"><input size=\"40\" maxlength=\"400\" class=\"wpcf7-form-control wpcf7-email wpcf7-validates-as-required wpcf7-text wpcf7-validates-as-email form-control\" id=\"email\" aria-required=\"true\" aria-invalid=\"false\" placeholder=\"Email*\" value=\"\" type=\"email\" name=\"email\" \/><\/span><br \/>\n<span class=\"alert-error\"><\/span>\n\t\t\t<\/p>\n\t\t<\/div>\n\t<\/div>\n\t<div class=\"col-lg-6\">\n\t\t<div class=\"form-group\">\n\t\t\t<p><span class=\"wpcf7-form-control-wrap\" data-name=\"phone\"><input size=\"40\" maxlength=\"400\" class=\"wpcf7-form-control wpcf7-tel wpcf7-text wpcf7-validates-as-tel form-control\" id=\"phone\" aria-invalid=\"false\" placeholder=\"Phone\" value=\"\" type=\"tel\" name=\"phone\" \/><\/span><br \/>\n<span class=\"alert-error\"><\/span>\n\t\t\t<\/p>\n\t\t<\/div>\n\t<\/div>\n<\/div>\n<div class=\"row\">\n\t<div class=\"col-lg-12\">\n\t\t<div class=\"form-group comments\">\n\t\t\t<p><span class=\"wpcf7-form-control-wrap\" data-name=\"comments\"><textarea cols=\"40\" rows=\"2\" maxlength=\"2000\" class=\"wpcf7-form-control wpcf7-textarea wpcf7-validates-as-required form-control\" id=\"comments\" aria-required=\"true\" aria-invalid=\"false\" placeholder=\"Please describe what you need. *\" name=\"comments\"><\/textarea><\/span>\n\t\t\t<\/p>\n\t\t<\/div>\n\t<\/div>\n<\/div>\n<div class=\"row\">\n\t<div class=\"col-lg-12\">\n\t\t<p><button type=\"submit\" name=\"submit\" id=\"submit\">Send Now<\/button>\n\t\t<\/p>\n\t<\/div>\n<\/div>\n<!-- Alert Message -->\n<div class=\"col-lg-12 alert-notification\">\n\t<div id=\"message\" class=\"alert-msg\">\n\t<\/div>\n<\/div><div class=\"wpcf7-response-output\" aria-hidden=\"true\"><\/div>\n<input type=\"hidden\" name=\"trp-form-language\" value=\"vi\"\/><\/form>\n<\/div>\n                            \n                        <\/div>\n                    <\/div>\n\n                    <div class=\"col-lg-5 left-info\">\n                        <div class=\"info-items\">\n                                                    <!-- Single Item -->\n                            <div class=\"item\">\n                                <div class=\"icon\">\n                                    <i class=\"flaticon-location\"><\/i>\n                                <\/div>\n                                <div class=\"info\">\n                                    <h5>Location<\/h5>\n                                    <p>\n                                        Ho Chi Minh City, Vietnam                                    <\/p>\n                                <\/div>\n                            <\/div>\n                            <!-- End Single Item -->                            <!-- Single Item -->\n                            <div class=\"item\">\n                                <div class=\"icon\">\n                                    <i class=\"flaticon-telephone\"><\/i>\n                                <\/div>\n                                <div class=\"info\">\n                                    <h5>Make a Call<\/h5>\n                                    <p>\n                                        +84 983 702 399 <br> +84 993 436 888                                     <\/p>\n                                <\/div>\n                            <\/div>\n                            <!-- End Single Item -->                            <!-- Single Item -->\n                            <div class=\"item\">\n                                <div class=\"icon\">\n                                    <i class=\"flaticon-email\"><\/i>\n                                <\/div>\n                                <div class=\"info\">\n                                    <h5>Send Us Mail<\/h5>\n                                    <p>\n                                        toan.nguyenvan@gcis.com.vn <br>\n                                        chung.buitien@gcis.com.vn                                    <\/p>\n                                <\/div>\n                            <\/div>\n                            <!-- End Single Item -->                        <\/div>\n                    <\/div>\n                    \n\n                <\/div>\n            <\/div>\n        <\/div>\n    <\/div>\n    <!-- End Contact Area -->\n\n    \t\t\t\t<\/div>\n\t\t\t\t<\/div>\n\t\t\t\t<div class=\"elementor-element elementor-element-1eed513 elementor-widget elementor-widget-about\" data-id=\"1eed513\" data-element_type=\"widget\" data-widget_type=\"about.default\">\n\t\t\t\t<div class=\"elementor-widget-container\">\n\t\t\t\t\t\n        <!-- Start About\n    ============================================= -->\n    <div class=\"about-area overflow-hidden default-padding\">\n        <div class=\"container\">\n            <div class=\"about-items\">\n                <div class=\"row align-center\">\n\n                    <!-- Thumb -->\n                    <div class=\"col-lg-6\">\n                        <div class=\"thumb\">\n                            <img decoding=\"async\" src=\"https:\/\/gcis.com.vn\/wp-content\/uploads\/2026\/04\/z7694942639788_b18e6bf6afc71335750c2771d37431bd.jpg\" alt=\"Thumb\">\n                            <div class=\"fun-fact\">\n                                <div class=\"counter\">\n                                    <div class=\"timer\" data-to=\"26\" data-speed=\"2000\">26<\/div>\n                                    <div class=\"operator\">K<\/div>\n                                <\/div>\n                                <span class=\"medium\">World Class Worker<\/span>\n                            <\/div>\n                        <\/div>\n                    <\/div>\n                    <!-- End Thumb -->\n\n                    <div class=\"col-lg-6\">\n                        <div class=\"content\">\n                            <h2>Who We Are\/Ch\u00fang T\u00f4i L\u00e0 Ai<\/h2>\n                            <p>\n                                GCIS \u2013 Global Continuous Improvement Solutions is a consulting and implementation partner specializing in Continuous Improvement and performance transformation.\nGCIS \u2013 Global Continuous Improvement Solutions l\u00e0 \u0111\u1ed1i t\u00e1c t\u01b0 v\u1ea5n v\u00e0 tri\u1ec3n khai, chuy\u00ean v\u1ec1 C\u1ea3i ti\u1ebfn Li\u00ean t\u1ee5c v\u00e0 chuy\u1ec3n \u0111\u1ed5i hi\u1ec7u su\u1ea5t                            <\/p>\n                            <ul>\n                                                                <li>\n                                    <h5>GCIS was founded on a simple belief\/GCIS \u0111\u01b0\u1ee3c th\u00e0nh l\u1eadp d\u1ef1a tr\u00ean m\u1ed9t ni\u1ec1m tin \u0111\u01a1n gi\u1ea3n:<\/h5>\n                                    <p>\n                                        Real improvement happens when capable people take ownership of performance and improve the way work is done every day.\nC\u1ea3i ti\u1ebfn th\u1ef1c s\u1ef1 x\u1ea3y ra khi nh\u1eefng con ng\u01b0\u1eddi c\u00f3 n\u0103ng l\u1ef1c ch\u1ee7 \u0111\u1ed9ng l\u00e0m ch\u1ee7 hi\u1ec7u su\u1ea5t v\u00e0 li\u00ean t\u1ee5c c\u1ea3i thi\u1ec7n c\u00e1ch th\u1ee9c c\u00f4ng vi\u1ec7c \u0111\u01b0\u1ee3c th\u1ef1c hi\u1ec7n m\u1ed7i ng\u00e0y. \n                                    <\/p>\n                                <\/li>\n                                                            <li>\n                                    <h5>Real World Impact\/T\u00e1c \u0111\u1ed9ng th\u1ef1c ti\u1ec5n<\/h5>\n                                    <p>\n                                        We work with organizations across industries to improve performance by developing people, strengthening execution, and embedding Continuous Improvement into daily operations. Our focus is not on theory or generic frameworks, but on practical implementation that delivers measurable and sustainable results.\nCh\u00fang t\u00f4i h\u1ee3p t\u00e1c v\u1edbi c\u00e1c t\u1ed5 ch\u1ee9c thu\u1ed9c nhi\u1ec1u ng\u00e0nh kh\u00e1c nhau nh\u1eb1m n\u00e2ng cao hi\u1ec7u su\u1ea5t th\u00f4ng qua vi\u1ec7c ph\u00e1t tri\u1ec3n con ng\u01b0\u1eddi, c\u1ee7ng c\u1ed1 n\u0103ng l\u1ef1c th\u1ef1c thi v\u00e0 t\u00edch h\u1ee3p C\u1ea3i ti\u1ebfn Li\u00ean t\u1ee5c v\u00e0o c\u00e1c ho\u1ea1t \u0111\u1ed9ng h\u00e0ng ng\u00e0y. Tr\u1ecdng t\u00e2m c\u1ee7a ch\u00fang t\u00f4i kh\u00f4ng n\u1eb1m \u1edf l\u00fd thuy\u1ebft hay c\u00e1c m\u00f4 h\u00ecnh chung chung, m\u00e0 l\u00e0 tri\u1ec3n khai th\u1ef1c ti\u1ec5n, mang l\u1ea1i k\u1ebft qu\u1ea3 \u0111o l\u01b0\u1eddng \u0111\u01b0\u1ee3c v\u00e0 b\u1ec1n v\u1eefng.\n \n                                    <\/p>\n                                <\/li>\n                                                            <li>\n                                    <h5>Our Commitment\/Cam k\u1ebft c\u1ee7a ch\u00fang t\u00f4i<\/h5>\n                                    <p>\n                                        We work with our clients to ensure Continuous Improvement becomes part of how the organization operates\u2014so performance improvement continues independently, consistently, and sustainably.\nCh\u00fang t\u00f4i \u0111\u1ed3ng h\u00e0nh c\u00f9ng kh\u00e1ch h\u00e0ng \u0111\u1ec3 \u0111\u1ea3m b\u1ea3o C\u1ea3i ti\u1ebfn Li\u00ean t\u1ee5c tr\u1edf th\u00e0nh m\u1ed9t ph\u1ea7n trong c\u00e1ch t\u1ed5 ch\u1ee9c v\u1eadn h\u00e0nh\u2014t\u1eeb \u0111\u00f3 vi\u1ec7c c\u1ea3i thi\u1ec7n hi\u1ec7u su\u1ea5t \u0111\u01b0\u1ee3c duy tr\u00ec m\u1ed9t c\u00e1ch \u0111\u1ed9c l\u1eadp, nh\u1ea5t qu\u00e1n v\u00e0 b\u1ec1n v\u1eefng. \n                                    <\/p>\n                                <\/li>\n                                                        <\/ul>\n                        <\/div>\n                    <\/div>\n<!-- End About Area -->\n\n    \t\t\t\t<\/div>\n\t\t\t\t<\/div>\n\t\t\t\t<div class=\"elementor-element elementor-element-11c1529 elementor-widget elementor-widget-sth6services\" data-id=\"11c1529\" data-element_type=\"widget\" data-widget_type=\"sth6services.default\">\n\t\t\t\t<div class=\"elementor-widget-container\">\n\t\t\t\t\t\n        <!-- Star Services\n    ============================================= -->\n    <div class=\"services-list-area overflow-hidden default-padding bottom-less\">\n        <div class=\"container\">\n            <div class=\"row\">\n                <div class=\"col-lg-6 offset-lg-3\">\n                    <div class=\"heading-center text-center\">\n                        <h5><\/h5>\n                        <h2>Our Purpose &amp; Principles\/M\u1ee5c Ti\u00eau V\u00e0 Nguy\u00ean T\u1eafc C\u1ee7a Ch\u00fang T\u00f4i<\/h2>\n                    <\/div>\n                <\/div>\n            <\/div>\n        <\/div>\n        <div class=\"container\">\n            <div class=\"services-list-items\">\n                <!-- Shape -->\n                <div class=\"shape\"><img decoding=\"async\" src=\"https:\/\/gcis.com.vn\/wp-content\/uploads\/2022\/03\/45.png\" alt=\"Shape\"><\/div>\n                <!-- Shape -->\n                <div class=\"row\">\n                                    <!-- Single Item -->\n                    <div class=\"col-lg-4 col-md-6 single-item\">\n                        <div class=\"item\">\n                            <div class=\"top\">\n                                <i class=\"flaticon-secure\"><\/i>\n                                <h4>Our Mission\/S\u1ee9 M\u1ec7nh C\u1ee7a Ch\u00fang T\u00f4i<\/h4>\n                            <\/div>\n                            <p>\n                                To create sustainable value by developing people and transforming organizations through the practical embedding of Continuous Improvement.                                                  \n\nT\u1ea1o ra gi\u00e1 tr\u1ecb b\u1ec1n v\u1eefng th\u00f4ng qua vi\u1ec7c ph\u00e1t tri\u1ec3n con ng\u01b0\u1eddi v\u00e0 chuy\u1ec3n \u0111\u1ed5i t\u1ed5 ch\u1ee9c b\u1eb1ng c\u00e1ch \u00e1p d\u1ee5ng th\u1ef1c ti\u1ec5n ph\u01b0\u01a1ng ph\u00e1p C\u1ea3i ti\u1ebfn Li\u00ean t\u1ee5c.                            <\/p>\n                            <ul>\n                                <li><\/li>\n                                <li><\/li>\n                                <li>We believe long-term performance improvement is achieved when improvement becomes a consistent way of working across daily operations. Ch\u00fang t\u00f4i tin r\u1eb1ng hi\u1ec7u su\u1ea5t \u0111\u01b0\u1ee3c c\u1ea3i thi\u1ec7n b\u1ec1n v\u1eefng trong d\u00e0i h\u1ea1n khi vi\u1ec7c c\u1ea3i ti\u1ebfn tr\u1edf th\u00e0nh m\u1ed9t ph\u01b0\u01a1ng th\u1ee9c l\u00e0m vi\u1ec7c nh\u1ea5t qu\u00e1n trong c\u00e1c ho\u1ea1t \u0111\u1ed9ng h\u00e0ng ng\u00e0y.<\/li>\n                            <\/ul>\n                        <\/div>\n                    <\/div>\n                    <!-- End Single Item -->                    <!-- Single Item -->\n                    <div class=\"col-lg-4 col-md-6 single-item\">\n                        <div class=\"item\">\n                            <div class=\"top\">\n                                <i class=\"flaticon-target\"><\/i>\n                                <h4>Our Vision\/T\u1ea7m Nh\u00ecn C\u1ee7a Ch\u00fang T\u00f4i<\/h4>\n                            <\/div>\n                            <p>\n                                To be a trusted partner for organizations seeking to build high-performing, resilient, and continuously improving organizations.\nTr\u1edf th\u00e0nh \u0111\u1ed1i t\u00e1c \u0111\u00e1ng tin c\u1eady c\u1ee7a c\u00e1c t\u1ed5 ch\u1ee9c mong mu\u1ed1n x\u00e2y d\u1ef1ng m\u1ed9t t\u1ed5 ch\u1ee9c hi\u1ec7u su\u1ea5t cao, linh ho\u1ea1t v\u00e0 kh\u00f4ng ng\u1eebng c\u1ea3i ti\u1ebfn.                             <\/p>\n                            <ul>\n                                <li><\/li>\n                                <li><\/li>\n                                <li>Our vision is driven by capable people, disciplined execution, and improvement embedded into everyday work practices. T\u1ea7m nh\u00ecn c\u1ee7a ch\u00fang t\u00f4i \u0111\u01b0\u1ee3c d\u1eabn d\u1eaft b\u1edfi nh\u1eefng con ng\u01b0\u1eddi c\u00f3 n\u0103ng l\u1ef1c, k\u1ef7 lu\u1eadt trong th\u1ef1c thi v\u00e0 vi\u1ec7c c\u1ea3i ti\u1ebfn \u0111\u01b0\u1ee3c t\u00edch h\u1ee3p v\u00e0o c\u00e1c th\u1ef1c h\u00e0nh c\u00f4ng vi\u1ec7c h\u1eb1ng ng\u00e0y.<\/li>\n                            <\/ul>\n                        <\/div>\n                    <\/div>\n                    <!-- End Single Item -->                    <!-- Single Item -->\n                    <div class=\"col-lg-4 col-md-6 single-item\">\n                        <div class=\"item\">\n                            <div class=\"top\">\n                                <i class=\"flaticon-badge\"><\/i>\n                                <h4>Our Values\/Gi\u00e1 Tr\u1ecb C\u1ee7a Ch\u00fang T\u00f4i<\/h4>\n                            <\/div>\n                            <p>\n                                To guide how we think, work, and partner with our clients in every engagement. \n\u0110\u1ecbnh h\u01b0\u1edbng c\u00e1ch ch\u00fang t\u00f4i t\u01b0 duy, l\u00e0m vi\u1ec7c v\u00e0 h\u1ee3p t\u00e1c v\u1edbi kh\u00e1ch h\u00e0ng trong m\u1ecdi ho\u1ea1t \u0111\u1ed9ng tri\u1ec3n khai.                            <\/p>\n                            <ul>\n                                <li><\/li>\n                                <li><\/li>\n                                <li>We believe sustainable improvement is built through people development, clear value creation, and trust earned by consistent execution and measurable results. Ch\u00fang t\u00f4i tin r\u1eb1ng c\u1ea3i ti\u1ebfn b\u1ec1n v\u1eefng \u0111\u01b0\u1ee3c x\u00e2y d\u1ef1ng th\u00f4ng qua vi\u1ec7c ph\u00e1t tri\u1ec3n con ng\u01b0\u1eddi, t\u1ea1o ra gi\u00e1 tr\u1ecb r\u00f5 r\u00e0ng v\u00e0 x\u00e2y d\u1ef1ng ni\u1ec1m tin b\u1eb1ng vi\u1ec7c th\u1ef1c thi nh\u1ea5t qu\u00e1n c\u00f9ng c\u00e1c k\u1ebft qu\u1ea3 \u0111o l\u01b0\u1eddng \u0111\u01b0\u1ee3c.<\/li>\n                            <\/ul>\n                        <\/div>\n                    <\/div>\n                    <!-- End Single Item -->                <\/div>\n            <\/div>\n        <\/div>\n    <\/div>\n    <!-- End Services -->\n\n    \t\t\t\t<\/div>\n\t\t\t\t<\/div>\n\t\t\t\t\t<\/div>\n\t\t<\/div>\n\t\t\t\t\t<\/div>\n\t\t<\/section>\n\t\t\t\t<\/div>","protected":false},"excerpt":{"rendered":"<p>What Makes GCIS Different\/\u0110i\u1ec1u G\u00ec L\u00e0m GCIS Kh\u00e1c Bi\u1ec7t GCIS is built on a simple principle: Continuous Improvement only delivers results when it is implemented by capable people in real operations. This belief shapes how we work with our clients and how we design every engagement. GCIS \u0111\u01b0\u1ee3c x\u00e2y d\u1ef1ng d\u1ef1a tr\u00ean m\u1ed9t nguy\u00ean t\u1eafc [&hellip;]<\/p>\n","protected":false},"author":1,"featured_media":1053,"parent":0,"menu_order":0,"comment_status":"closed","ping_status":"closed","template":"page-templates\/business.php","meta":{"footnotes":""},"class_list":["post-1052","page","type-page","status-publish","has-post-thumbnail","hentry"],"_links":{"self":[{"href":"https:\/\/gcis.com.vn\/vi\/wp-json\/wp\/v2\/pages\/1052","targetHints":{"allow":["GET"]}}],"collection":[{"href":"https:\/\/gcis.com.vn\/vi\/wp-json\/wp\/v2\/pages"}],"about":[{"href":"https:\/\/gcis.com.vn\/vi\/wp-json\/wp\/v2\/types\/page"}],"author":[{"embeddable":true,"href":"https:\/\/gcis.com.vn\/vi\/wp-json\/wp\/v2\/users\/1"}],"replies":[{"embeddable":true,"href":"https:\/\/gcis.com.vn\/vi\/wp-json\/wp\/v2\/comments?post=1052"}],"version-history":[{"count":50,"href":"https:\/\/gcis.com.vn\/vi\/wp-json\/wp\/v2\/pages\/1052\/revisions"}],"predecessor-version":[{"id":2220,"href":"https:\/\/gcis.com.vn\/vi\/wp-json\/wp\/v2\/pages\/1052\/revisions\/2220"}],"wp:featuredmedia":[{"embeddable":true,"href":"https:\/\/gcis.com.vn\/vi\/wp-json\/wp\/v2\/media\/1053"}],"wp:attachment":[{"href":"https:\/\/gcis.com.vn\/vi\/wp-json\/wp\/v2\/media?parent=1052"}],"curies":[{"name":"wp","href":"https:\/\/api.w.org\/{rel}","templated":true}]}}